{"id":2,"date":"2024-02-19T15:43:08","date_gmt":"2024-02-19T14:43:08","guid":{"rendered":"http:\/\/location-garage-gien.fr\/?page_id=2"},"modified":"2024-05-14T10:21:46","modified_gmt":"2024-05-14T08:21:46","slug":"page-d-exemple","status":"publish","type":"page","link":"https:\/\/location-garage-gien.fr\/","title":{"rendered":"Louez un garage \u00e0 Gien"},"content":{"rendered":"\n<h2 class=\"wp-block-heading\"><strong>Vous recherchez un garage \u00e0 louer \u00e0 proximit\u00e9 du centre ville de Gien ? <\/strong><\/h2>\n\n\n\n<p>Que ce soit pour stocker vos meubles et affaires ou pour stationner une voiture, vous \u00eates au bon endroit.  <\/p>\n\n\n\n<p>Nos 28 garages sont utilis\u00e9s aussi bien par des voisins qui y garent leurs v\u00e9hicules que pour du garde-meuble.<\/p>\n\n\n\n<figure class=\"wp-block-image size-large\"><img loading=\"lazy\" decoding=\"async\" width=\"1024\" height=\"768\" src=\"https:\/\/location-garage-gien.fr\/wp-content\/uploads\/2024\/02\/Location-garage-GIEN-1024x768.jpg\" alt=\"\" class=\"wp-image-7\" srcset=\"https:\/\/location-garage-gien.fr\/wp-content\/uploads\/2024\/02\/Location-garage-GIEN-1024x768.jpg 1024w, https:\/\/location-garage-gien.fr\/wp-content\/uploads\/2024\/02\/Location-garage-GIEN-300x225.jpg 300w, https:\/\/location-garage-gien.fr\/wp-content\/uploads\/2024\/02\/Location-garage-GIEN-768x576.jpg 768w, https:\/\/location-garage-gien.fr\/wp-content\/uploads\/2024\/02\/Location-garage-GIEN-1536x1152.jpg 1536w, https:\/\/location-garage-gien.fr\/wp-content\/uploads\/2024\/02\/Location-garage-GIEN-2048x1536.jpg 2048w\" sizes=\"(max-width: 1024px) 100vw, 1024px\" \/><\/figure>\n\n\n\n<p>Tous les boxes ont une dalle en b\u00e9ton et des cloisons en b\u00e9ton. Les portes de garages mesurent 1.9 m\u00e8tres de haut et 2.9 m\u00e8tres de large.<\/p>\n\n\n\n<p>Les loyers sont tr\u00e8s abordables : <strong>seulement 47 \u20ac par mois pour un garage de 15 m2 \u00e0 Gien avec une porte en m\u00e9tal et un sol b\u00e9tonn\u00e9. <\/strong><\/p>\n\n\n\n<p>Quand vos affaires sont entrepos\u00e9es dans le garage, vous n\u2019y revenez pas chaque mois. Votre garage garde-meuble peut donc \u00eatre un peu loin de chez vous. <\/p>\n\n\n\n<p>Si vous louez un box \u00e0 une entreprise de selfstockage, vous payez le prix fort. Cette solution est id\u00e9ale pour stocker pendant quelques semaines. Nous vous offrons un tarif abordable car vous vous engagez \u00e0 rester neuf mois ou plus dans le garage. <\/p>\n\n\n<div class=\"wp-block-image is-style-default\">\n<figure class=\"aligncenter size-large is-resized\"><img loading=\"lazy\" decoding=\"async\" width=\"1024\" height=\"768\" src=\"http:\/\/location-garage-gien.fr\/wp-content\/uploads\/2024\/02\/Garage-gien-a-louer-1024x768.jpg\" alt=\"\" class=\"wp-image-14\" style=\"width:500px\" srcset=\"https:\/\/location-garage-gien.fr\/wp-content\/uploads\/2024\/02\/Garage-gien-a-louer-1024x768.jpg 1024w, https:\/\/location-garage-gien.fr\/wp-content\/uploads\/2024\/02\/Garage-gien-a-louer-300x225.jpg 300w, https:\/\/location-garage-gien.fr\/wp-content\/uploads\/2024\/02\/Garage-gien-a-louer-768x576.jpg 768w, https:\/\/location-garage-gien.fr\/wp-content\/uploads\/2024\/02\/Garage-gien-a-louer-1536x1152.jpg 1536w, https:\/\/location-garage-gien.fr\/wp-content\/uploads\/2024\/02\/Garage-gien-a-louer-2048x1536.jpg 2048w\" sizes=\"(max-width: 1024px) 100vw, 1024px\" \/><\/figure><\/div>\n\n\n<h2 class=\"wp-block-heading\">O\u00f9 se situent les garages ? <\/h2>\n\n\n\n<figure class=\"wp-block-image size-large\"><img loading=\"lazy\" decoding=\"async\" width=\"1024\" height=\"716\" src=\"https:\/\/location-garage-gien.fr\/wp-content\/uploads\/2024\/02\/Carte-garage-Gien-10-route-bussiere-1024x716.png\" alt=\"\" class=\"wp-image-9\" srcset=\"https:\/\/location-garage-gien.fr\/wp-content\/uploads\/2024\/02\/Carte-garage-Gien-10-route-bussiere-1024x716.png 1024w, https:\/\/location-garage-gien.fr\/wp-content\/uploads\/2024\/02\/Carte-garage-Gien-10-route-bussiere-300x210.png 300w, https:\/\/location-garage-gien.fr\/wp-content\/uploads\/2024\/02\/Carte-garage-Gien-10-route-bussiere-768x537.png 768w, https:\/\/location-garage-gien.fr\/wp-content\/uploads\/2024\/02\/Carte-garage-Gien-10-route-bussiere-1536x1074.png 1536w, https:\/\/location-garage-gien.fr\/wp-content\/uploads\/2024\/02\/Carte-garage-Gien-10-route-bussiere.png 1544w\" sizes=\"(max-width: 1024px) 100vw, 1024px\" \/><\/figure>\n\n\n\n<p>Beaucoup de nos locataires habitent \u00e0 Gien dans la m\u00eame rue que les garages. Ils y viennent tous les jours chercher leur voiture. Cela cr\u00e9e une s\u00e9curit\u00e9 qui dissuade les personnes mal intentionn\u00e9es. <\/p>\n\n\n\n<h2 class=\"wp-block-heading\">Comment louer votre garage \u00e0 Gien ? <\/h2>\n\n\n\n<p>C\u2019est tr\u00e8s simple ! Contactez nous via ce formulaire ou par t\u00e9l\u00e9phone au 06 b 69 h 57 k 48 o 98. <\/p>\n\n\n\n<div class=\"wpcf7 no-js\" id=\"wpcf7-f41-o1\" lang=\"fr-FR\" dir=\"ltr\">\n<div class=\"screen-reader-response\"><p role=\"status\" aria-live=\"polite\" aria-atomic=\"true\"><\/p> <ul><\/ul><\/div>\n<form action=\"\/index.php?rest_route=%2Fwp%2Fv2%2Fpages%2F2#wpcf7-f41-o1\" method=\"post\" class=\"wpcf7-form init\" aria-label=\"Formulaire de contact\" novalidate=\"novalidate\" data-status=\"init\">\n<div style=\"display: none;\">\n<input type=\"hidden\" name=\"_wpcf7\" value=\"41\" \/>\n<input type=\"hidden\" name=\"_wpcf7_version\" value=\"5.9.4\" \/>\n<input type=\"hidden\" name=\"_wpcf7_locale\" value=\"fr_FR\" \/>\n<input type=\"hidden\" name=\"_wpcf7_unit_tag\" value=\"wpcf7-f41-o1\" \/>\n<input type=\"hidden\" name=\"_wpcf7_container_post\" value=\"0\" \/>\n<input type=\"hidden\" name=\"_wpcf7_posted_data_hash\" value=\"\" \/>\n<\/div>\n<p><label> Votre nom<br \/>\n<span class=\"wpcf7-form-control-wrap\" data-name=\"your-name\"><input size=\"40\" class=\"wpcf7-form-control wpcf7-text wpcf7-validates-as-required\" autocomplete=\"name\" aria-required=\"true\" aria-invalid=\"false\" value=\"\" type=\"text\" name=\"your-name\" \/><\/span> <\/label>\n<\/p>\n<p><label> Votre e-mail<br \/>\n<span class=\"wpcf7-form-control-wrap\" data-name=\"your-email\"><input size=\"40\" class=\"wpcf7-form-control wpcf7-email wpcf7-validates-as-required wpcf7-text wpcf7-validates-as-email\" autocomplete=\"email\" aria-required=\"true\" aria-invalid=\"false\" value=\"\" type=\"email\" name=\"your-email\" \/><\/span> <\/label>\n<\/p>\n<p><label> Objet<br \/>\n<span class=\"wpcf7-form-control-wrap\" data-name=\"your-subject\"><input size=\"40\" class=\"wpcf7-form-control wpcf7-text wpcf7-validates-as-required\" aria-required=\"true\" aria-invalid=\"false\" value=\"\" type=\"text\" name=\"your-subject\" \/><\/span> <\/label>\n<\/p>\n<p><label> Votre message (facultatif)<br \/>\n<span class=\"wpcf7-form-control-wrap\" data-name=\"your-message\"><textarea cols=\"40\" rows=\"10\" class=\"wpcf7-form-control wpcf7-textarea\" aria-invalid=\"false\" name=\"your-message\"><\/textarea><\/span> <\/label>\n<\/p>\n<p><input class=\"wpcf7-form-control wpcf7-submit has-spinner\" type=\"submit\" value=\"Envoyer\" \/>\n<\/p><div class=\"wpcf7-response-output\" aria-hidden=\"true\"><\/div>\n<\/form>\n<\/div>\n\n","protected":false},"excerpt":{"rendered":"<p>Vous recherchez un garage \u00e0 louer \u00e0 proximit\u00e9 du centre ville de Gien ? Que ce soit pour stocker vos meubles et affaires ou pour stationner une voiture, vous \u00eates au bon endroit. Nos 28 garages sont utilis\u00e9s aussi bien par des voisins qui y garent leurs v\u00e9hicules que pour du garde-meuble. Tous les boxes &#8230; <a title=\"Louez un garage \u00e0 Gien\" class=\"read-more\" href=\"https:\/\/location-garage-gien.fr\/\" aria-label=\"Read more about Louez un garage \u00e0 Gien\">Read more<\/a><\/p>\n","protected":false},"author":1,"featured_media":0,"parent":0,"menu_order":0,"comment_status":"closed","ping_status":"open","template":"","meta":{"om_disable_all_campaigns":false,"_monsterinsights_skip_tracking":false,"_monsterinsights_sitenote_active":false,"_monsterinsights_sitenote_note":"","_monsterinsights_sitenote_category":0,"footnotes":""},"aioseo_notices":[],"_links":{"self":[{"href":"https:\/\/location-garage-gien.fr\/index.php?rest_route=\/wp\/v2\/pages\/2"}],"collection":[{"href":"https:\/\/location-garage-gien.fr\/index.php?rest_route=\/wp\/v2\/pages"}],"about":[{"href":"https:\/\/location-garage-gien.fr\/index.php?rest_route=\/wp\/v2\/types\/page"}],"author":[{"embeddable":true,"href":"https:\/\/location-garage-gien.fr\/index.php?rest_route=\/wp\/v2\/users\/1"}],"replies":[{"embeddable":true,"href":"https:\/\/location-garage-gien.fr\/index.php?rest_route=%2Fwp%2Fv2%2Fcomments&post=2"}],"version-history":[{"count":13,"href":"https:\/\/location-garage-gien.fr\/index.php?rest_route=\/wp\/v2\/pages\/2\/revisions"}],"predecessor-version":[{"id":44,"href":"https:\/\/location-garage-gien.fr\/index.php?rest_route=\/wp\/v2\/pages\/2\/revisions\/44"}],"wp:attachment":[{"href":"https:\/\/location-garage-gien.fr\/index.php?rest_route=%2Fwp%2Fv2%2Fmedia&parent=2"}],"curies":[{"name":"wp","href":"https:\/\/api.w.org\/{rel}","templated":true}]}}